{"id":25,"date":"2021-09-04T16:03:17","date_gmt":"2021-09-04T14:03:17","guid":{"rendered":"http:\/\/julie-anthoine.com\/?page_id=25"},"modified":"2025-03-30T10:35:08","modified_gmt":"2025-03-30T08:35:08","slug":"a-propos-de","status":"publish","type":"page","link":"https:\/\/julie-anthoine.com\/","title":{"rendered":"\u00c0 propos de Julie ANTHOINE"},"content":{"rendered":"<div class=\"wp-block-image\">\n<figure class=\"aligncenter size-large\"><img loading=\"lazy\" decoding=\"async\" width=\"1024\" height=\"986\" src=\"https:\/\/julie-anthoine.com\/wp-content\/uploads\/2022\/09\/Salon-Pre\u0301seau-09-10-021-1024x986.jpeg\" alt=\"\" class=\"wp-image-293\" srcset=\"https:\/\/julie-anthoine.com\/wp-content\/uploads\/2022\/09\/Salon-Pre\u0301seau-09-10-021-1024x986.jpeg 1024w, https:\/\/julie-anthoine.com\/wp-content\/uploads\/2022\/09\/Salon-Pre\u0301seau-09-10-021-300x289.jpeg 300w, https:\/\/julie-anthoine.com\/wp-content\/uploads\/2022\/09\/Salon-Pre\u0301seau-09-10-021-768x740.jpeg 768w, https:\/\/julie-anthoine.com\/wp-content\/uploads\/2022\/09\/Salon-Pre\u0301seau-09-10-021-1536x1479.jpeg 1536w, https:\/\/julie-anthoine.com\/wp-content\/uploads\/2022\/09\/Salon-Pre\u0301seau-09-10-021-2048x1972.jpeg 2048w, https:\/\/julie-anthoine.com\/wp-content\/uploads\/2022\/09\/Salon-Pre\u0301seau-09-10-021-1140x1098.jpeg 1140w\" sizes=\"auto, (max-width: 1024px) 100vw, 1024px\" \/><\/figure>\n<\/div>\n\n\n<p>Artiste, avide d&rsquo;apprendre, de d\u00e9couvrir et de cr\u00e9er. Tous les Arts la passionnent. Mais la musique, le cin\u00e9ma, l&rsquo;\u00e9criture et la litt\u00e9rature en particulier l&rsquo;ont toujours accompagn\u00e9e depuis son enfance. C&rsquo;est donc tout naturellement qu&rsquo;elle s&rsquo;oriente vers une facult\u00e9 de Lettre \u00e0 son arriv\u00e9e \u00e0 l&rsquo;universit\u00e9. Un dipl\u00f4me de communication en poche, elle travaille dans ce secteur. <\/p>\n\n\n\n<p>Difficile de dire \u00e0 quelle p\u00e9riode elle a commenc\u00e9 \u00e0 \u00e9crire, le besoin s&rsquo;\u00e9tant fait ressentir assez t\u00f4t dans sa vie. Pourtant ce n&rsquo;est qu&rsquo;au cours d&rsquo;une p\u00e9riode difficile apr\u00e8s ses \u00e9tudes qu&rsquo;elle \u00e9crit et ach\u00e8ve son premier roman en 2013. <\/p>\n\n\n\n<p>Suivront d&rsquo;autres livres dont les sujets divers et vari\u00e9s s&rsquo;articulent tous autour de faits sociaux ou soci\u00e9taux. Engager une r\u00e9flexion pour mieux comprendre est devenu, en quelques sortes, son mantra. <\/p>\n\n\n\n<p>Julie est membre de l&rsquo;Acad\u00e9mie des Auteurs du Nord, l&rsquo;association des auteurs des Hauts-de-France <a href=\"https:\/\/adan5962.e-monsite.com\/\" data-type=\"link\" data-id=\"https:\/\/adan5962.e-monsite.com\/\" target=\"_blank\" rel=\"noreferrer noopener\">ADAN<\/a> depuis 2021. <\/p>\n\n\n\n<figure class=\"wp-block-image size-full is-resized\"><a href=\"https:\/\/adan5962.e-monsite.com\/\" target=\"_blank\" rel=\" noreferrer noopener\"><img loading=\"lazy\" decoding=\"async\" width=\"474\" height=\"188\" src=\"https:\/\/julie-anthoine.com\/wp-content\/uploads\/2025\/03\/ADAN.webp\" alt=\"\" class=\"wp-image-462\" style=\"width:99px;height:auto\" srcset=\"https:\/\/julie-anthoine.com\/wp-content\/uploads\/2025\/03\/ADAN.webp 474w, https:\/\/julie-anthoine.com\/wp-content\/uploads\/2025\/03\/ADAN-300x119.webp 300w\" sizes=\"auto, (max-width: 474px) 100vw, 474px\" \/><\/a><\/figure>\n\n\n\n<p>&#8212;&#8212;&#8212;&#8212;&#8212;&#8212;&#8212;&#8212;&#8212;&#8212;&#8212;&#8212;&#8212;&#8212;&#8212;-<\/p>\n\n\n\n<p class=\"has-huge-font-size\"><strong><em>About Julie ANTHOINE<\/em><\/strong><\/p>\n\n\n\n<p><\/p>\n\n\n\n<p><em>An artist eager to learn, discover and create. She is passionate about all the arts. But music, cinema, writing and literature in particular have always accompanied her since her childhood. It is therefore quite natural that she turned to a faculty of Literature upon her arrival at the university. With a degree in communication, she works in this sector.<\/em><\/p>\n\n\n\n<p><em>It is not easy to find when she started writing, the need having been felt quite early in her life. Yet it was only during a difficult period after her studies that she wrote and completed her first novel in 2013.<\/em><\/p>\n\n\n\n<p><em>Other books will follow, whose diverse and diversified subjects all revolve around social or societal facts. Engaging in reflection to better understand has become, in a way, her mantra.<\/em><\/p>\n","protected":false},"excerpt":{"rendered":"<p>Artiste, avide d&rsquo;apprendre, de d\u00e9couvrir et de cr\u00e9er. Tous les Arts la passionnent. Mais la musique, le cin\u00e9ma, l&rsquo;\u00e9criture et la litt\u00e9rature en particulier l&rsquo;ont toujours accompagn\u00e9e depuis son enfance. C&rsquo;est donc tout naturellement qu&rsquo;elle s&rsquo;oriente vers une facult\u00e9 de Lettre \u00e0 son arriv\u00e9e \u00e0 l&rsquo;universit\u00e9. Un dipl\u00f4me de communication en poche, elle travaille dans ce secteur. Difficile de dire \u00e0 quelle p\u00e9riode elle a commenc\u00e9 \u00e0 \u00e9crire, le besoin s&rsquo;\u00e9tant fait ressentir assez t\u00f4t dans sa vie. Pourtant ce n&rsquo;est qu&rsquo;au cours d&rsquo;une p\u00e9riode difficile apr\u00e8s ses \u00e9tudes qu&rsquo;elle \u00e9crit et ach\u00e8ve son premier roman en 2013. Suivront d&rsquo;autres livres dont les sujets divers et vari\u00e9s s&rsquo;articulent tous autour de faits sociaux ou soci\u00e9taux. Engager une r\u00e9flexion pour mieux comprendre est devenu, en quelques sortes, son mantra. Julie est membre de l&rsquo;Acad\u00e9mie des Auteurs du Nord, l&rsquo;association des auteurs des Hauts-de-France ADAN depuis 2021. &#8212;&#8212;&#8212;&#8212;&#8212;&#8212;&#8212;&#8212;&#8212;&#8212;&#8212;&#8212;&#8212;&#8212;&#8212;- About Julie ANTHOINE An artist eager to learn, discover and create. She is passionate about all the arts. But music, cinema, writing and literature in particular have always accompanied her since her childhood. It is therefore quite natural that she turned to a faculty of Literature upon her arrival at the university. With a degree in communication, she works in this sector. It is not easy to find when she started writing, the need having been felt quite early in her life. Yet it was only during a difficult period after her studies that she wrote and completed her first novel in 2013. Other books will follow, whose diverse and diversified subjects all revolve around social or societal facts. Engaging in reflection to better understand has become, in a way, her mantra.<\/p>\n","protected":false},"author":1,"featured_media":0,"parent":0,"menu_order":0,"comment_status":"closed","ping_status":"closed","template":"","meta":{"footnotes":""},"class_list":["post-25","page","type-page","status-publish","hentry"],"_links":{"self":[{"href":"https:\/\/julie-anthoine.com\/index.php\/wp-json\/wp\/v2\/pages\/25","targetHints":{"allow":["GET"]}}],"collection":[{"href":"https:\/\/julie-anthoine.com\/index.php\/wp-json\/wp\/v2\/pages"}],"about":[{"href":"https:\/\/julie-anthoine.com\/index.php\/wp-json\/wp\/v2\/types\/page"}],"author":[{"embeddable":true,"href":"https:\/\/julie-anthoine.com\/index.php\/wp-json\/wp\/v2\/users\/1"}],"replies":[{"embeddable":true,"href":"https:\/\/julie-anthoine.com\/index.php\/wp-json\/wp\/v2\/comments?post=25"}],"version-history":[{"count":11,"href":"https:\/\/julie-anthoine.com\/index.php\/wp-json\/wp\/v2\/pages\/25\/revisions"}],"predecessor-version":[{"id":465,"href":"https:\/\/julie-anthoine.com\/index.php\/wp-json\/wp\/v2\/pages\/25\/revisions\/465"}],"wp:attachment":[{"href":"https:\/\/julie-anthoine.com\/index.php\/wp-json\/wp\/v2\/media?parent=25"}],"curies":[{"name":"wp","href":"https:\/\/api.w.org\/{rel}","templated":true}]}}